{"id":60,"date":"2021-04-15T14:24:55","date_gmt":"2021-04-15T12:24:55","guid":{"rendered":"http:\/\/histoire-six-fours.fr\/?page_id=60"},"modified":"2025-11-27T17:44:42","modified_gmt":"2025-11-27T16:44:42","slug":"contribuer","status":"publish","type":"page","link":"https:\/\/histoire-six-fours.fr\/index.php\/contribuer\/","title":{"rendered":"Contribuer"},"content":{"rendered":"\n<p>Comment mieux conna\u00eetre un territoire qu&rsquo;en contribuant \u00e0 sa compr\u00e9hension historique. Le coeur de l&rsquo;association, c&rsquo;est la recherche historique vivante. Une affaire de sp\u00e9cialistes ? Certainement pas, m\u00eame s&rsquo;ils ont \u00e9videmment une place importante pour nous fournir des m\u00e9thodes et des r\u00e9f\u00e9rences. Mais chacun peut s&rsquo;impliquer dans la recherche et la r\u00e9flexion sur le patrimoine : d\u00e9pouiller des archives, constituer des bibliographies, rapprocher la vision du terrain et celle des livres, ou celle des m\u00e9moires familiales avec ce que nous savons collectivement de l&rsquo;histoire locale&#8230; Lire ou r\u00e9diger, apprendre ou faire savoir&#8230; Il y en a pour tous les go\u00fbts ! <\/p>\n\n\n\n<p>Dans cette section, <a href=\"https:\/\/histoire-six-fours.fr\/index.php\/2025\/11\/26\/comment-travaillons-nous\/\">d\u00e9couvrez nos m\u00e9thodes et chantiers en cours,<\/a> et apprenez comment <a href=\"https:\/\/histoire-six-fours.fr\/index.php\/partager-vos-memoires\/\" data-type=\"page\" data-id=\"64\">partager vos m\u00e9moires familiales<\/a> : documents et sources, photographies et peintures, traces et d\u00e9couvertes arch\u00e9ologiques, souvenirs de famille&#8230;<\/p>\n\n\n\n<p><\/p>\n    <div class=\"masteqr-postwarpper\" id=\"masteqr-wrap69e1680e172fe\"><div style=\"text-align:center\" id=\"masteqr-post69e1680e172fe\" class=\"masteqr-post\"  data-size=\"100\" data-content=\"https:\/\/histoire-six-fours.fr\/wp-json\/wp\/v2\/pages\/60\"><\/div><div class =\"mqrbtnalign\" style=\"    display: flex;justify-content:center\"><div style=\"width:100px;display:flex;align-items: center;justify-content: center;font-size: small\">\n                <\/div><\/div><\/div>","protected":false},"excerpt":{"rendered":"<p>Comment mieux conna\u00eetre un territoire qu&rsquo;en contribuant \u00e0 sa compr\u00e9hension historique. Le coeur de l&rsquo;association, c&rsquo;est la recherche historique vivante. Une affaire de sp\u00e9cialistes ? Certainement pas, m\u00eame s&rsquo;ils ont \u00e9videmment une place importante pour nous fournir des m\u00e9thodes et des r\u00e9f\u00e9rences. Mais chacun peut s&rsquo;impliquer dans la recherche et la r\u00e9flexion sur le patrimoine : d\u00e9pouiller des archives, constituer des bibliographies, rapprocher la vision du terrain et celle des livres, ou celle des m\u00e9moires familiales avec ce que nous savons collectivement de l&rsquo;histoire locale&#8230; Lire ou r\u00e9diger, apprendre ou faire savoir&#8230; Il y en a pour tous les go\u00fbts ! Dans cette section, d\u00e9couvrez nos m\u00e9thodes et chantiers en cours, et apprenez comment partager vos m\u00e9moires familiales : documents et sources, photographies et peintures, traces et d\u00e9couvertes arch\u00e9ologiques, souvenirs de famille&#8230;<\/p>\n","protected":false},"author":1,"featured_media":0,"parent":0,"menu_order":0,"comment_status":"closed","ping_status":"closed","template":"","meta":{"footnotes":""},"class_list":["post-60","page","type-page","status-publish","hentry"],"_links":{"self":[{"href":"https:\/\/histoire-six-fours.fr\/index.php\/wp-json\/wp\/v2\/pages\/60","targetHints":{"allow":["GET"]}}],"collection":[{"href":"https:\/\/histoire-six-fours.fr\/index.php\/wp-json\/wp\/v2\/pages"}],"about":[{"href":"https:\/\/histoire-six-fours.fr\/index.php\/wp-json\/wp\/v2\/types\/page"}],"author":[{"embeddable":true,"href":"https:\/\/histoire-six-fours.fr\/index.php\/wp-json\/wp\/v2\/users\/1"}],"replies":[{"embeddable":true,"href":"https:\/\/histoire-six-fours.fr\/index.php\/wp-json\/wp\/v2\/comments?post=60"}],"version-history":[{"count":3,"href":"https:\/\/histoire-six-fours.fr\/index.php\/wp-json\/wp\/v2\/pages\/60\/revisions"}],"predecessor-version":[{"id":1324,"href":"https:\/\/histoire-six-fours.fr\/index.php\/wp-json\/wp\/v2\/pages\/60\/revisions\/1324"}],"wp:attachment":[{"href":"https:\/\/histoire-six-fours.fr\/index.php\/wp-json\/wp\/v2\/media?parent=60"}],"curies":[{"name":"wp","href":"https:\/\/api.w.org\/{rel}","templated":true}]}}