{"id":541,"date":"2021-05-09T17:55:35","date_gmt":"2021-05-09T15:55:35","guid":{"rendered":"https:\/\/histoire-six-fours.fr\/?page_id=541"},"modified":"2021-09-07T15:22:12","modified_gmt":"2021-09-07T13:22:12","slug":"carte-du-patrimoine","status":"publish","type":"page","link":"https:\/\/histoire-six-fours.fr\/index.php\/carte-du-patrimoine\/","title":{"rendered":"Carte du patrimoine"},"content":{"rendered":"\n<p>La carte ci-dessous de Six-Fours et de ses environs indique les principaux lieux d\u2019int\u00e9r\u00eat historique et patrimonial du territoire. Vous pouvez <a href=\"https:\/\/histoire-six-fours.fr\/index.php\/category\/decouvrir\/lieux-et-monuments\/\" data-type=\"category\" data-id=\"48\">retrouver ici des notices sur les principaux d&rsquo;entre eux<\/a> ; pour avoir des d\u00e9tails sur tous, tapez leur nom dans le moteur de recherche du site pour trouver les articles qui en parlent. Et nous construisons ensemble, \u00e0 titre exp\u00e9rimental, une <a href=\"https:\/\/histoire-six-fours.fr\/index.php\/carte-interactive\/\" data-type=\"page\" data-id=\"198\">carte interactive<\/a> pour affiner la pr\u00e9sence visible de l&rsquo;histoire sur le terrain. <\/p>\n\n\n\n<div class=\"wp-block-image\"><figure class=\"aligncenter size-large\"><img loading=\"lazy\" decoding=\"async\" width=\"895\" height=\"706\" src=\"https:\/\/histoire-six-fours.fr\/wp-content\/uploads\/2021\/04\/carte-lieux-patrimoine.jpg\" alt=\"\" class=\"wp-image-236\" srcset=\"https:\/\/histoire-six-fours.fr\/wp-content\/uploads\/2021\/04\/carte-lieux-patrimoine.jpg 895w, https:\/\/histoire-six-fours.fr\/wp-content\/uploads\/2021\/04\/carte-lieux-patrimoine-300x237.jpg 300w, https:\/\/histoire-six-fours.fr\/wp-content\/uploads\/2021\/04\/carte-lieux-patrimoine-768x606.jpg 768w\" sizes=\"auto, (max-width: 895px) 100vw, 895px\" \/><\/figure><\/div>\n\n\n\n<p><\/p>\n    <div class=\"masteqr-postwarpper\" id=\"masteqr-wrap69e178a55467f\"><div style=\"text-align:center\" id=\"masteqr-post69e178a55467f\" class=\"masteqr-post\"  data-size=\"100\" data-content=\"https:\/\/histoire-six-fours.fr\/wp-json\/wp\/v2\/pages\/541\"><\/div><div class =\"mqrbtnalign\" style=\"    display: flex;justify-content:center\"><div style=\"width:100px;display:flex;align-items: center;justify-content: center;font-size: small\">\n                <\/div><\/div><\/div>","protected":false},"excerpt":{"rendered":"<p>La carte ci-dessous de Six-Fours et de ses environs indique les principaux lieux d\u2019int\u00e9r\u00eat historique et patrimonial du territoire. Vous pouvez retrouver ici des notices sur les principaux d&rsquo;entre eux ; pour avoir des d\u00e9tails sur tous, tapez leur nom dans le moteur de recherche du site pour trouver les articles qui en parlent. Et nous construisons ensemble, \u00e0 titre exp\u00e9rimental, une carte interactive pour affiner la pr\u00e9sence visible de l&rsquo;histoire sur le terrain.<\/p>\n","protected":false},"author":1,"featured_media":0,"parent":0,"menu_order":0,"comment_status":"closed","ping_status":"closed","template":"","meta":{"footnotes":""},"class_list":["post-541","page","type-page","status-publish","hentry"],"_links":{"self":[{"href":"https:\/\/histoire-six-fours.fr\/index.php\/wp-json\/wp\/v2\/pages\/541","targetHints":{"allow":["GET"]}}],"collection":[{"href":"https:\/\/histoire-six-fours.fr\/index.php\/wp-json\/wp\/v2\/pages"}],"about":[{"href":"https:\/\/histoire-six-fours.fr\/index.php\/wp-json\/wp\/v2\/types\/page"}],"author":[{"embeddable":true,"href":"https:\/\/histoire-six-fours.fr\/index.php\/wp-json\/wp\/v2\/users\/1"}],"replies":[{"embeddable":true,"href":"https:\/\/histoire-six-fours.fr\/index.php\/wp-json\/wp\/v2\/comments?post=541"}],"version-history":[{"count":3,"href":"https:\/\/histoire-six-fours.fr\/index.php\/wp-json\/wp\/v2\/pages\/541\/revisions"}],"predecessor-version":[{"id":877,"href":"https:\/\/histoire-six-fours.fr\/index.php\/wp-json\/wp\/v2\/pages\/541\/revisions\/877"}],"wp:attachment":[{"href":"https:\/\/histoire-six-fours.fr\/index.php\/wp-json\/wp\/v2\/media?parent=541"}],"curies":[{"name":"wp","href":"https:\/\/api.w.org\/{rel}","templated":true}]}}