{"id":192,"date":"2021-04-18T12:36:11","date_gmt":"2021-04-18T10:36:11","guid":{"rendered":"https:\/\/histoire-six-fours.fr\/?page_id=192"},"modified":"2025-11-27T17:43:14","modified_gmt":"2025-11-27T16:43:14","slug":"approfondir-2","status":"publish","type":"page","link":"https:\/\/histoire-six-fours.fr\/index.php\/approfondir-2\/","title":{"rendered":"Approfondir"},"content":{"rendered":"\n<p>Dans cette section, vous pouvez d\u00e9velopper votre connaissance du territoire de Six-Fours et de son histoire en explorant des lieux plus pr\u00e9cis\u00e9ment gr\u00e2ce \u00e0 la <a href=\"https:\/\/histoire-six-fours.fr\/index.php\/carte\/\" data-type=\"page\" data-id=\"198\">carte interactive<\/a> (en cours de construction), en d\u00e9couvrant <a href=\"https:\/\/histoire-six-fours.fr\/index.php\/category\/approfondir\/nos-articles\/\">nos publications <\/a>et celles d&rsquo;autres associations, de blogs d&rsquo;\u00e9rudits et autres <a href=\"https:\/\/histoire-six-fours.fr\/index.php\/category\/approfondir\/sites-utiles\/\" data-type=\"category\" data-id=\"28\">sites internet utiles<\/a>, et en partant \u00e0 l&rsquo;exploration des nombreuses <a href=\"https:\/\/histoire-six-fours.fr\/index.php\/2025\/11\/17\/bibliographie\/\" data-type=\"category\" data-id=\"27\">sources  bibliographiques et ressources en ligne<\/a> pour les historiens et amateurs.<\/p>\n\n\n\n<p><\/p>\n    <div class=\"masteqr-postwarpper\" id=\"masteqr-wrap69e167febe349\"><div style=\"text-align:center\" id=\"masteqr-post69e167febe349\" class=\"masteqr-post\"  data-size=\"100\" data-content=\"https:\/\/histoire-six-fours.fr\/wp-json\/wp\/v2\/pages\/192\"><\/div><div class =\"mqrbtnalign\" style=\"    display: flex;justify-content:center\"><div style=\"width:100px;display:flex;align-items: center;justify-content: center;font-size: small\">\n                <\/div><\/div><\/div>","protected":false},"excerpt":{"rendered":"<p>Dans cette section, vous pouvez d\u00e9velopper votre connaissance du territoire de Six-Fours et de son histoire en explorant des lieux plus pr\u00e9cis\u00e9ment gr\u00e2ce \u00e0 la carte interactive (en cours de construction), en d\u00e9couvrant nos publications et celles d&rsquo;autres associations, de blogs d&rsquo;\u00e9rudits et autres sites internet utiles, et en partant \u00e0 l&rsquo;exploration des nombreuses sources bibliographiques et ressources en ligne pour les historiens et amateurs.<\/p>\n","protected":false},"author":1,"featured_media":0,"parent":0,"menu_order":0,"comment_status":"closed","ping_status":"closed","template":"","meta":{"footnotes":""},"class_list":["post-192","page","type-page","status-publish","hentry"],"_links":{"self":[{"href":"https:\/\/histoire-six-fours.fr\/index.php\/wp-json\/wp\/v2\/pages\/192","targetHints":{"allow":["GET"]}}],"collection":[{"href":"https:\/\/histoire-six-fours.fr\/index.php\/wp-json\/wp\/v2\/pages"}],"about":[{"href":"https:\/\/histoire-six-fours.fr\/index.php\/wp-json\/wp\/v2\/types\/page"}],"author":[{"embeddable":true,"href":"https:\/\/histoire-six-fours.fr\/index.php\/wp-json\/wp\/v2\/users\/1"}],"replies":[{"embeddable":true,"href":"https:\/\/histoire-six-fours.fr\/index.php\/wp-json\/wp\/v2\/comments?post=192"}],"version-history":[{"count":6,"href":"https:\/\/histoire-six-fours.fr\/index.php\/wp-json\/wp\/v2\/pages\/192\/revisions"}],"predecessor-version":[{"id":1323,"href":"https:\/\/histoire-six-fours.fr\/index.php\/wp-json\/wp\/v2\/pages\/192\/revisions\/1323"}],"wp:attachment":[{"href":"https:\/\/histoire-six-fours.fr\/index.php\/wp-json\/wp\/v2\/media?parent=192"}],"curies":[{"name":"wp","href":"https:\/\/api.w.org\/{rel}","templated":true}]}}